{"id":54422,"date":"2024-03-01T09:38:31","date_gmt":"2024-03-01T08:38:31","guid":{"rendered":"https:\/\/www.oscardimontigny.it\/?page_id=54422"},"modified":"2024-03-01T09:38:31","modified_gmt":"2024-03-01T08:38:31","slug":"cookie-policy-2","status":"publish","type":"page","link":"https:\/\/www.oscardimontigny.it\/es\/cookie-policy-2\/","title":{"rendered":"Cookie Policy"},"content":{"rendered":"<h2><span style=\"color: #ffffff;\"><strong>Informaci\u00f3n sobre el uso de cookies.<\/strong><\/span><\/h2>\n<p><span style=\"color: #ffffff;\"><strong>Pre\u00e1mbulo<\/strong><\/span><\/p>\n<p><span style=\"color: #ffffff;\">Esta pol\u00edtica de cookies se aplica al sitio web https:\/\/www.oscardimontigny.it\/ (<strong>Sitio<\/strong>). El documento tiene en cuenta el Reglamento Europeo de Protecci\u00f3n de Datos 679\/2016 (<strong>RGPD<\/strong>).<\/span><\/p>\n<p><span style=\"color: #ffffff;\"><strong>Controlador de datos<\/strong>: Oscar di Montigny, Via Solferino, 19, 20121, Milano (Mi), DMNSCR69M31F205R, Email oscar.dimontigny@gmail.com, Tel 3666149897<\/span><\/p>\n<p>&nbsp;<\/p>\n<p><span style=\"color: #ffffff;\"><strong>INFORMACI\u00d3N GENERAL<\/strong><\/span><\/p>\n<h4><span style=\"color: #ffffff;\"><strong>Qu\u00e9 son las cookies y para qu\u00e9 se utilizan<\/strong><\/span><\/h4>\n<p><span style=\"color: #ffffff;\">Una cookie es un archivo de texto que un sitio web visitado por el usuario env\u00eda a su terminal (ordenador, dispositivo m\u00f3vil como un smartphone o una tableta), donde se almacena con el fin de ser transmitido de nuevo a ese sitio en una visita posterior al mismo.<\/span><\/p>\n<p><span style=\"color: #ffffff;\">C\u00f3mo se distinguen las cookies:<\/span><\/p>\n<ul>\n<li><span style=\"color: #ffffff;\">en funci\u00f3n de la parte que las instala, dependiendo de si es el mismo operador del sitio visitado (las llamadas &#8220;cookies de origen&#8221;) o una parte diferente (las llamadas &#8220;cookies de terceros&#8221;);<\/span><\/li>\n<li><span style=\"color: #ffffff;\">en funci\u00f3n de la finalidad de cada cookie: algunas cookies permiten mejorar la navegaci\u00f3n almacenando determinadas opciones del usuario, por ejemplo, el idioma (las denominadas &#8220;cookies t\u00e9cnicas&#8221;), otras cookies permiten hacer un seguimiento de la navegaci\u00f3n del usuario, tambi\u00e9n con el fin de enviarle publicidad y\/o ofrecerle servicios acordes con sus preferencias (las denominadas &#8220;cookies de perfil&#8221;).<\/span><\/li>\n<\/ul>\n<p><span style=\"color: #ffffff;\">S\u00f3lo las cookies de perfiles requieren el consentimiento previo del usuario para su uso.<\/span><\/p>\n<p><span style=\"color: #ffffff;\">El Controlador de Datos s\u00f3lo es responsable de las cookies de origen que instala en el Sitio.<\/span><\/p>\n<p><span style=\"color: #ffffff;\">A la secci\u00f3n &#8220;<strong>Cookies t\u00e9cnicas de origen<\/strong>&#8221; Puede ver los tipos de cookies t\u00e9cnicas de origen emitidas por el sitio.<\/span><\/p>\n<p><span style=\"color: #ffffff;\">La gesti\u00f3n de las cookies de perfil se describe en la secci\u00f3n &#8220;<strong>Cookies de perfil de terceros<\/strong>&#8220;.<\/span><\/p>\n<p><span style=\"color: #ffffff;\">Sin embargo, tambi\u00e9n puede activar\/desactivar las cookies a trav\u00e9s de las opciones de su navegador<\/span><\/p>\n<p>&nbsp;<\/p>\n<p><span style=\"color: #ffffff;\"><strong>Internet Explorer<\/strong><\/span><\/p>\n<p><span style=\"color: #ffffff;\">Acceder al men\u00fa<strong>\u00a0Instrumentos<\/strong>;\u00a0<strong>Opciones<\/strong>;<strong>Internet<\/strong>.<\/span><\/p>\n<p><span style=\"color: #ffffff;\">pulse en\u00a0<strong>Privacidad<\/strong>;<strong>Avanzadas<\/strong>;<strong>Cookie<\/strong>: seleccione sus preferencias.<\/span><\/p>\n<p>&nbsp;<\/p>\n<p><span style=\"color: #ffffff;\"><strong>Google Chrome<\/strong><\/span><\/p>\n<p><span style=\"color: #ffffff;\">Pulse en\u00a0<strong>Men\u00fa de Chrome<\/strong>, correspondiente al bot\u00f3n de la esquina superior derecha.<\/span><\/p>\n<p><span style=\"color: #ffffff;\">Seleccionar<strong>\u00a0Configuraci\u00f3n<\/strong>;<strong>Avanzadas<\/strong>.<\/span><\/p>\n<p><span style=\"color: #ffffff;\">en la secci\u00f3n<strong>Privacidad y seguridad<\/strong>, pulse el bot\u00f3n\u00a0<strong>Configuraci\u00f3n del contenido<\/strong>.<\/span><\/p>\n<p><span style=\"color: #ffffff;\">Seleccione sus opciones preferidas en el<strong>Cookie<\/strong>.<\/span><\/p>\n<p>&nbsp;<\/p>\n<p><span style=\"color: #ffffff;\"><strong>Firefox<\/strong><\/span><\/p>\n<p><span style=\"color: #ffffff;\">Haga clic<strong>Herramientas<\/strong>;<strong>Opciones<\/strong>.<\/span><\/p>\n<p><span style=\"color: #ffffff;\">Haga clic<strong>Privacidad y seguridad<\/strong>.<\/span><\/p>\n<p><span style=\"color: #ffffff;\">Seleccionar<strong>Utilizar ajustes personalizados para el historial<\/strong>.<\/span><\/p>\n<p><span style=\"color: #ffffff;\">Seleccione sus opciones preferidas en\u00a0<strong>Acepta cookies y datos de sitios web<\/strong>.<\/span><\/p>\n<p>&nbsp;<\/p>\n<p><span style=\"color: #ffffff;\"><strong>Safari<\/strong><\/span><\/p>\n<p><span style=\"color: #ffffff;\">Haga clic<strong>Safari<\/strong>;<strong>Preferencias<\/strong>.<\/span><\/p>\n<p><span style=\"color: #ffffff;\">Haga clic<strong>Privacidad y seguridad<\/strong>.<\/span><\/p>\n<p><span style=\"color: #ffffff;\">Raga clic<strong>Bloquear cookies<\/strong>y seleccionar las opciones preferidas.<\/span><\/p>\n<p>&nbsp;<\/p>\n<p><span style=\"color: #ffffff;\">Para obtener m\u00e1s informaci\u00f3n sobre los servicios de Google que se enumeran a continuaci\u00f3n, haz clic en el enlace:\u00a0<a style=\"color: #ffffff;\" href=\"https:\/\/policies.google.com\/technologies\/partner-sites\" target=\"__blank\" rel=\"noopener\">https:\/\/policies.google.com\/technologies\/partner-sites<\/a><\/span><\/p>\n<section class=\"cookie-section\"><span style=\"color: #ffffff;\"><strong>Cookies T\u00e9cnicas de origen<\/strong><\/span><\/p>\n<p><span style=\"color: #ffffff;\">Estas cookies son necesarias para el funcionamiento del Sitio y no pueden ser desactivadas.<\/span><\/p>\n<\/section>\n<p>&nbsp;<\/p>\n<div>\n<p><span style=\"color: #ffffff;\"><strong>Sus derechos<\/strong><\/span><\/p>\n<p><span style=\"color: #ffffff;\">De conformidad con el art\u00edculo 13 del RGPD, el Controlador de Datos le informa de que tiene derecho a:<\/span><\/p>\n<ul>\n<li><span style=\"color: #ffffff;\">solicitar al Controlador de Datos el acceso a sus datos personales y la rectificaci\u00f3n o supresi\u00f3n de los mismos o la limitaci\u00f3n del tratamiento que le concierne, u oponerse a su tratamiento, as\u00ed como el derecho a la portabilidad de los datos<\/span><\/li>\n<li><span style=\"color: #ffffff;\">retirar el consentimiento en cualquier momento sin perjuicio de la legalidad del tratamiento basado en el consentimiento dado antes de la retirada<\/span><\/li>\n<li><span style=\"color: #ffffff;\">presentar una reclamaci\u00f3n ante una autoridad de control (por ejemplo, la Agencia de Protecci\u00f3n de Datos).<\/span><\/li>\n<\/ul>\n<p><span style=\"color: #ffffff;\">Los derechos mencionados pueden ejercerse presentando una solicitud a los contactos indicados en el Pre\u00e1mbulo sin necesidad de formalidades.<\/span><\/p>\n<\/div>\n","protected":false},"excerpt":{"rendered":"<p>Informaci\u00f3n sobre el uso de cookies. Pre\u00e1mbulo Esta pol\u00edtica de cookies se aplica al sitio web https:\/\/www.oscardimontigny.it\/ (Sitio). El documento tiene en cuenta el Reglamento Europeo de Protecci\u00f3n de Datos 679\/2016 (RGPD). Controlador de datos: Oscar di Montigny, Via Solferino, 19, 20121, Milano (Mi), DMNSCR69M31F205R, Email oscar.dimontigny@gmail.com, Tel 3666149897 &nbsp; INFORMACI\u00d3N GENERAL Qu\u00e9 son las &hellip; <a href=\"https:\/\/www.oscardimontigny.it\/es\/cookie-policy-2\/\">Continua<\/a><\/p>\n","protected":false},"author":2,"featured_media":0,"parent":0,"menu_order":3,"comment_status":"closed","ping_status":"closed","template":"","meta":{"_acf_changed":false,"footnotes":""},"class_list":["post-54422","page","type-page","status-publish","hentry"],"acf":[],"yoast_head":"<!-- This site is optimized with the Yoast SEO plugin v27.1.1 - https:\/\/yoast.com\/product\/yoast-seo-wordpress\/ -->\n<title>Cookie Policy - Oscar Di Montigny<\/title>\n<meta name=\"robots\" content=\"index, follow, max-snippet:-1, max-image-preview:large, max-video-preview:-1\" \/>\n<link rel=\"canonical\" href=\"https:\/\/www.oscardimontigny.it\/es\/cookie-policy-2\/\" \/>\n<meta property=\"og:locale\" content=\"es_ES\" \/>\n<meta property=\"og:type\" content=\"article\" \/>\n<meta property=\"og:title\" content=\"Cookie Policy - Oscar Di Montigny\" \/>\n<meta property=\"og:description\" content=\"Informaci\u00f3n sobre el uso de cookies. Pre\u00e1mbulo Esta pol\u00edtica de cookies se aplica al sitio web https:\/\/www.oscardimontigny.it\/ (Sitio). El documento tiene en cuenta el Reglamento Europeo de Protecci\u00f3n de Datos 679\/2016 (RGPD). Controlador de datos: Oscar di Montigny, Via Solferino, 19, 20121, Milano (Mi), DMNSCR69M31F205R, Email oscar.dimontigny@gmail.com, Tel 3666149897 &nbsp; INFORMACI\u00d3N GENERAL Qu\u00e9 son las &hellip; Continua\" \/>\n<meta property=\"og:url\" content=\"https:\/\/www.oscardimontigny.it\/es\/cookie-policy-2\/\" \/>\n<meta property=\"og:site_name\" content=\"Oscar Di Montigny\" \/>\n<meta name=\"twitter:card\" content=\"summary_large_image\" \/>\n<meta name=\"twitter:label1\" content=\"Est. reading time\" \/>\n\t<meta name=\"twitter:data1\" content=\"3 minutes\" \/>\n<script type=\"application\/ld+json\" class=\"yoast-schema-graph\">{\"@context\":\"https:\/\/schema.org\",\"@graph\":[{\"@type\":\"WebPage\",\"@id\":\"https:\/\/www.oscardimontigny.it\/es\/cookie-policy-2\/\",\"url\":\"https:\/\/www.oscardimontigny.it\/es\/cookie-policy-2\/\",\"name\":\"Cookie Policy - Oscar Di Montigny\",\"isPartOf\":{\"@id\":\"https:\/\/www.oscardimontigny.it\/es\/#website\"},\"datePublished\":\"2024-03-01T08:38:31+00:00\",\"inLanguage\":\"es-ES\",\"potentialAction\":[{\"@type\":\"ReadAction\",\"target\":[\"https:\/\/www.oscardimontigny.it\/es\/cookie-policy-2\/\"]}]},{\"@type\":\"WebSite\",\"@id\":\"https:\/\/www.oscardimontigny.it\/es\/#website\",\"url\":\"https:\/\/www.oscardimontigny.it\/es\/\",\"name\":\"Oscar Di Montigny\",\"description\":\"\",\"potentialAction\":[{\"@type\":\"SearchAction\",\"target\":{\"@type\":\"EntryPoint\",\"urlTemplate\":\"https:\/\/www.oscardimontigny.it\/es\/?s={search_term_string}\"},\"query-input\":{\"@type\":\"PropertyValueSpecification\",\"valueRequired\":true,\"valueName\":\"search_term_string\"}}],\"inLanguage\":\"es-ES\"}]}<\/script>\n<!-- \/ Yoast SEO plugin. -->","yoast_head_json":{"title":"Cookie Policy - Oscar Di Montigny","robots":{"index":"index","follow":"follow","max-snippet":"max-snippet:-1","max-image-preview":"max-image-preview:large","max-video-preview":"max-video-preview:-1"},"canonical":"https:\/\/www.oscardimontigny.it\/es\/cookie-policy-2\/","og_locale":"es_ES","og_type":"article","og_title":"Cookie Policy - Oscar Di Montigny","og_description":"Informaci\u00f3n sobre el uso de cookies. Pre\u00e1mbulo Esta pol\u00edtica de cookies se aplica al sitio web https:\/\/www.oscardimontigny.it\/ (Sitio). El documento tiene en cuenta el Reglamento Europeo de Protecci\u00f3n de Datos 679\/2016 (RGPD). Controlador de datos: Oscar di Montigny, Via Solferino, 19, 20121, Milano (Mi), DMNSCR69M31F205R, Email oscar.dimontigny@gmail.com, Tel 3666149897 &nbsp; INFORMACI\u00d3N GENERAL Qu\u00e9 son las &hellip; Continua","og_url":"https:\/\/www.oscardimontigny.it\/es\/cookie-policy-2\/","og_site_name":"Oscar Di Montigny","twitter_card":"summary_large_image","twitter_misc":{"Est. reading time":"3 minutes"},"schema":{"@context":"https:\/\/schema.org","@graph":[{"@type":"WebPage","@id":"https:\/\/www.oscardimontigny.it\/es\/cookie-policy-2\/","url":"https:\/\/www.oscardimontigny.it\/es\/cookie-policy-2\/","name":"Cookie Policy - Oscar Di Montigny","isPartOf":{"@id":"https:\/\/www.oscardimontigny.it\/es\/#website"},"datePublished":"2024-03-01T08:38:31+00:00","inLanguage":"es-ES","potentialAction":[{"@type":"ReadAction","target":["https:\/\/www.oscardimontigny.it\/es\/cookie-policy-2\/"]}]},{"@type":"WebSite","@id":"https:\/\/www.oscardimontigny.it\/es\/#website","url":"https:\/\/www.oscardimontigny.it\/es\/","name":"Oscar Di Montigny","description":"","potentialAction":[{"@type":"SearchAction","target":{"@type":"EntryPoint","urlTemplate":"https:\/\/www.oscardimontigny.it\/es\/?s={search_term_string}"},"query-input":{"@type":"PropertyValueSpecification","valueRequired":true,"valueName":"search_term_string"}}],"inLanguage":"es-ES"}]}},"_links":{"self":[{"href":"https:\/\/www.oscardimontigny.it\/es\/wp-json\/wp\/v2\/pages\/54422","targetHints":{"allow":["GET"]}}],"collection":[{"href":"https:\/\/www.oscardimontigny.it\/es\/wp-json\/wp\/v2\/pages"}],"about":[{"href":"https:\/\/www.oscardimontigny.it\/es\/wp-json\/wp\/v2\/types\/page"}],"author":[{"embeddable":true,"href":"https:\/\/www.oscardimontigny.it\/es\/wp-json\/wp\/v2\/users\/2"}],"replies":[{"embeddable":true,"href":"https:\/\/www.oscardimontigny.it\/es\/wp-json\/wp\/v2\/comments?post=54422"}],"version-history":[{"count":1,"href":"https:\/\/www.oscardimontigny.it\/es\/wp-json\/wp\/v2\/pages\/54422\/revisions"}],"predecessor-version":[{"id":54424,"href":"https:\/\/www.oscardimontigny.it\/es\/wp-json\/wp\/v2\/pages\/54422\/revisions\/54424"}],"wp:attachment":[{"href":"https:\/\/www.oscardimontigny.it\/es\/wp-json\/wp\/v2\/media?parent=54422"}],"curies":[{"name":"wp","href":"https:\/\/api.w.org\/{rel}","templated":true}]}}