{"id":39732,"date":"2021-08-24T10:38:27","date_gmt":"2021-08-24T08:38:27","guid":{"rendered":"https:\/\/www.oscardimontigny.it\/bio\/"},"modified":"2022-11-24T12:07:13","modified_gmt":"2022-11-24T11:07:13","slug":"quien-soy","status":"publish","type":"page","link":"https:\/\/www.oscardimontigny.it\/es\/quien-soy\/","title":{"rendered":"Qui\u00e9n soy"},"content":{"rendered":"<p><em><strong>&#8220;Estamos hechos de la misma sustancia que los sue\u00f1os&#8221;<\/strong><\/em><br \/>\n<strong> (W. Shakespeare)\u00a0<\/strong><\/p>\n<p><em>&#8220;Hay que sembrar y cultivar visi\u00f3n en la humanidad. \u00bfC\u00f3mo lograr que el mundo comprenda que es necesario ampliar la propia visi\u00f3n y buscar una perspectiva enriquecedora que mejore y englobe?&#8221;<\/em><\/p>\n<p>Yo, sinceramente, no lo s\u00e9 pero&#8230; me lo pregunto desde hace tiempo. Y esta pregunta, escuchada en As\u00eds un domingo por la tarde en la primavera del a\u00f1o 2011, me indujo a intentar dar una contribuci\u00f3n.<\/p>\n<p>Durante mucho tiempo aplac\u00e9 la decisi\u00f3n de crear un blog, no tanto para hablar, contar o escribir sobre lo que sab\u00eda, o cre\u00eda conocer, sino para compartir ideas sobre las que desde hace tiempo estoy ahondando en mi vida;<strong> ideas que me fascinan porque son magn\u00e9ticas<\/strong>, porque siento que contienen la semilla de la posibilidad. Si bien inspir\u00e1ndome en ellas, quisiera en realidad basar este di\u00e1logo digital entre quien participa en este blog y yo refiri\u00e9ndome \u00fanicamente a experiencias espec\u00edficas de la vida real fecundadas por dichas ideas. El resto ser\u00edan s\u00f3lo conjeturas, especulaciones, ideolog\u00edas, proyecciones mentales y emocionales.<\/p>\n<p>Al hacerlo, me basar\u00e9 en los<strong> peque\u00f1os y breves, pero intensos, momentos de conciencia<\/strong> vividos a lo largo de mi existencia, en las experiencias adquiridas por el mundo, en las personas encontradas en mi camino, en las emociones probadas, en las intuiciones surgidas, as\u00ed como en mis estudios y en mi constante trabajo de investigaci\u00f3n. Recurrir\u00e9 sin distinciones tanto a mi vida personal como a la profesional, a mi \u00e1mbito privado como al p\u00fablico, al interior como al exterior.<\/p>\n<p>Me llamo Oscar di Montigny. Nac\u00ed en Mil\u00e1n, el 31 de agosto de 1969.\u00a0Soy m\u00e1nager de un importante grupo bancario italiano, en el que trabajo desde el a\u00f1o 2000 y en el que actualmente desempe\u00f1o el cargo de Director de Marketing, Comunicaci\u00f3n e Innovaci\u00f3n, adem\u00e1s de haber sido el creador y fundador de la Corporate University.<\/p>\n<p>Un d\u00eda de 1999, en un momento de conciencia, <strong>me di cuenta de que la vida corr\u00eda tan intensa como inexorablemente, y de que detr\u00e1s de m\u00ed quedaba poco de lo que yo cre\u00eda haber sido hasta entonces. Por ello, empec\u00e9 a buscar<\/strong>, a observar, a estudiar, a preguntarme, a reflexionar sobre el hecho de que las respuestas que encontraba a mis preguntas eran, en realidad, preguntas a\u00fan mayores.<\/p>\n<p>Ahora, aqu\u00ed, <strong>deseo dejar algunas muestras de los momentos m\u00e1s significativos de mi vida.<\/strong> Para ello, he optado por una palabra,\u00a0<em>reflexi\u00f3n<\/em>, y he dado origen a todo. Una <em>reflexi\u00f3n<\/em> es (como la etimolog\u00eda de palabra misma dice) un &#8220;<em>acto cognoscitivo mediante el cual, el esp\u00edritu, volviendo a s\u00ed mismo, toma conciencia de sus operaciones y de sus caracteres<\/em>&#8221; y es tambi\u00e9n &#8220;<em>la mente que se repliega sobre s\u00ed misma<\/em>&#8220;. Ser\u00eda un bloguero afortunado si, ahora, incluso solo una palabra de las que escriba en este blog provocase en quien la leyese los antedichos dos fen\u00f3menos.<\/p>\n<p>Pero un espejo tambi\u00e9n posee la capacidad de reflexi\u00f3n y, en cuanto instrumento neutro, objetivo, carente de juicio, devuelve siempre la imagen verdadera, real, del sujeto que se contempla en \u00e9l. Por tanto, estamos hablando del grado m\u00e1ximo de fidelidad posible entre un sujeto que se contempla y la imagen reflejada que \u00e9l ve de s\u00ed mismo: su <em>reflexi\u00f3n (&#8220;acto de reflejarse o contemplarse&#8221;)<\/em>. Muchas veces en mi vida me he contemplado en un espejo y la imagen que este me devolv\u00eda no coincid\u00eda nunca con la expectativa (\u00bfconvicci\u00f3n?) que yo ten\u00eda de m\u00ed:<strong> yo no era lo que pensaba.<\/strong><\/p>\n<p>De igual modo, cuando escribo, no creo ser un modelo de nada ni para nadie, y mucho menos poder convertirme en tal. No ser\u00e1, por tanto, esta mi aspiraci\u00f3n al escribir; no ser\u00e1 este el esp\u00edritu que me guiar\u00e1 en la gesti\u00f3n de este lugar virtual.<br \/>\nY si as\u00ed lo pareciese, le pido a quien lo note que me lo comunique enseguida. A todo aquel que lea mi blog, le digo \u2026\u00a1gracias!. Gracias porque podremos compartir el bien m\u00e1s valioso que la vida nos regala, el \u00fanico que, una vez gastado, nadie nos podr\u00e1 devolver nunca: el tiempo. Por tanto, espero honrar tu tiempo con palabras de calidad.<\/p>\n<p>S\u00e9 feliz<\/p>\n","protected":false},"excerpt":{"rendered":"<p>&#8220;Estamos hechos de la misma sustancia que los sue\u00f1os&#8221; (W. Shakespeare)\u00a0 &#8220;Hay que sembrar y cultivar visi\u00f3n en la humanidad. \u00bfC\u00f3mo lograr que el mundo comprenda que es necesario ampliar la propia visi\u00f3n y buscar una perspectiva enriquecedora que mejore y englobe?&#8221; Yo, sinceramente, no lo s\u00e9 pero&#8230; me lo pregunto desde hace tiempo. Y &hellip; <a href=\"https:\/\/www.oscardimontigny.it\/es\/quien-soy\/\">Continua<\/a><\/p>\n","protected":false},"author":2,"featured_media":39734,"parent":0,"menu_order":8,"comment_status":"closed","ping_status":"closed","template":"template-bio.php","meta":{"_acf_changed":false,"footnotes":""},"class_list":["post-39732","page","type-page","status-publish","has-post-thumbnail","hentry"],"acf":[],"yoast_head":"<!-- This site is optimized with the Yoast SEO plugin v27.1.1 - https:\/\/yoast.com\/product\/yoast-seo-wordpress\/ -->\n<title>Qui\u00e9n es \u00d3scar Di Montigny: Biograf\u00eda de Oscar Di Montigny<\/title>\n<meta name=\"description\" content=\"\u00bfQui\u00e9n es \u00d3scar Di Montigny? Nacido en Mil\u00e1n en 1969, experto en Megatendencias, Marketing Innovador, Comunicaci\u00f3n Relacional y Educaci\u00f3n Corporativa. Descubre la biograf\u00eda de Oscar Di Montigny\" \/>\n<meta name=\"robots\" content=\"index, follow, max-snippet:-1, max-image-preview:large, max-video-preview:-1\" \/>\n<link rel=\"canonical\" href=\"https:\/\/www.oscardimontigny.it\/es\/quien-soy\/\" \/>\n<meta property=\"og:locale\" content=\"es_ES\" \/>\n<meta property=\"og:type\" content=\"article\" \/>\n<meta property=\"og:title\" content=\"Qui\u00e9n es \u00d3scar Di Montigny: Biograf\u00eda de Oscar Di Montigny\" \/>\n<meta property=\"og:description\" content=\"\u00bfQui\u00e9n es \u00d3scar Di Montigny? Nacido en Mil\u00e1n en 1969, experto en Megatendencias, Marketing Innovador, Comunicaci\u00f3n Relacional y Educaci\u00f3n Corporativa. Descubre la biograf\u00eda de Oscar Di Montigny\" \/>\n<meta property=\"og:url\" content=\"https:\/\/www.oscardimontigny.it\/es\/quien-soy\/\" \/>\n<meta property=\"og:site_name\" content=\"Oscar Di Montigny\" \/>\n<meta property=\"article:modified_time\" content=\"2022-11-24T11:07:13+00:00\" \/>\n<meta property=\"og:image\" content=\"https:\/\/www.oscardimontigny.it\/wp-content\/uploads\/2021\/09\/bio-thumbnail.jpg\" \/>\n\t<meta property=\"og:image:width\" content=\"1920\" \/>\n\t<meta property=\"og:image:height\" content=\"1278\" \/>\n\t<meta property=\"og:image:type\" content=\"image\/jpeg\" \/>\n<meta name=\"twitter:card\" content=\"summary_large_image\" \/>\n<meta name=\"twitter:label1\" content=\"Est. reading time\" \/>\n\t<meta name=\"twitter:data1\" content=\"4 minutes\" \/>\n<script type=\"application\/ld+json\" class=\"yoast-schema-graph\">{\"@context\":\"https:\/\/schema.org\",\"@graph\":[{\"@type\":\"WebPage\",\"@id\":\"https:\/\/www.oscardimontigny.it\/es\/quien-soy\/\",\"url\":\"https:\/\/www.oscardimontigny.it\/es\/quien-soy\/\",\"name\":\"Qui\u00e9n es \u00d3scar Di Montigny: Biograf\u00eda de Oscar Di Montigny\",\"isPartOf\":{\"@id\":\"https:\/\/www.oscardimontigny.it\/es\/#website\"},\"primaryImageOfPage\":{\"@id\":\"https:\/\/www.oscardimontigny.it\/es\/quien-soy\/#primaryimage\"},\"image\":{\"@id\":\"https:\/\/www.oscardimontigny.it\/es\/quien-soy\/#primaryimage\"},\"thumbnailUrl\":\"https:\/\/www.oscardimontigny.it\/wp-content\/uploads\/2021\/09\/bio-thumbnail.jpg\",\"datePublished\":\"2021-08-24T08:38:27+00:00\",\"dateModified\":\"2022-11-24T11:07:13+00:00\",\"description\":\"\u00bfQui\u00e9n es \u00d3scar Di Montigny? Nacido en Mil\u00e1n en 1969, experto en Megatendencias, Marketing Innovador, Comunicaci\u00f3n Relacional y Educaci\u00f3n Corporativa. Descubre la biograf\u00eda de Oscar Di Montigny\",\"inLanguage\":\"es-ES\",\"potentialAction\":[{\"@type\":\"ReadAction\",\"target\":[\"https:\/\/www.oscardimontigny.it\/es\/quien-soy\/\"]}]},{\"@type\":\"ImageObject\",\"inLanguage\":\"es-ES\",\"@id\":\"https:\/\/www.oscardimontigny.it\/es\/quien-soy\/#primaryimage\",\"url\":\"https:\/\/www.oscardimontigny.it\/wp-content\/uploads\/2021\/09\/bio-thumbnail.jpg\",\"contentUrl\":\"https:\/\/www.oscardimontigny.it\/wp-content\/uploads\/2021\/09\/bio-thumbnail.jpg\",\"width\":1920,\"height\":1278},{\"@type\":\"WebSite\",\"@id\":\"https:\/\/www.oscardimontigny.it\/es\/#website\",\"url\":\"https:\/\/www.oscardimontigny.it\/es\/\",\"name\":\"Oscar Di Montigny\",\"description\":\"\",\"potentialAction\":[{\"@type\":\"SearchAction\",\"target\":{\"@type\":\"EntryPoint\",\"urlTemplate\":\"https:\/\/www.oscardimontigny.it\/es\/?s={search_term_string}\"},\"query-input\":{\"@type\":\"PropertyValueSpecification\",\"valueRequired\":true,\"valueName\":\"search_term_string\"}}],\"inLanguage\":\"es-ES\"}]}<\/script>\n<!-- \/ Yoast SEO plugin. -->","yoast_head_json":{"title":"Qui\u00e9n es \u00d3scar Di Montigny: Biograf\u00eda de Oscar Di Montigny","description":"\u00bfQui\u00e9n es \u00d3scar Di Montigny? Nacido en Mil\u00e1n en 1969, experto en Megatendencias, Marketing Innovador, Comunicaci\u00f3n Relacional y Educaci\u00f3n Corporativa. Descubre la biograf\u00eda de Oscar Di Montigny","robots":{"index":"index","follow":"follow","max-snippet":"max-snippet:-1","max-image-preview":"max-image-preview:large","max-video-preview":"max-video-preview:-1"},"canonical":"https:\/\/www.oscardimontigny.it\/es\/quien-soy\/","og_locale":"es_ES","og_type":"article","og_title":"Qui\u00e9n es \u00d3scar Di Montigny: Biograf\u00eda de Oscar Di Montigny","og_description":"\u00bfQui\u00e9n es \u00d3scar Di Montigny? Nacido en Mil\u00e1n en 1969, experto en Megatendencias, Marketing Innovador, Comunicaci\u00f3n Relacional y Educaci\u00f3n Corporativa. Descubre la biograf\u00eda de Oscar Di Montigny","og_url":"https:\/\/www.oscardimontigny.it\/es\/quien-soy\/","og_site_name":"Oscar Di Montigny","article_modified_time":"2022-11-24T11:07:13+00:00","og_image":[{"width":1920,"height":1278,"url":"https:\/\/www.oscardimontigny.it\/wp-content\/uploads\/2021\/09\/bio-thumbnail.jpg","type":"image\/jpeg"}],"twitter_card":"summary_large_image","twitter_misc":{"Est. reading time":"4 minutes"},"schema":{"@context":"https:\/\/schema.org","@graph":[{"@type":"WebPage","@id":"https:\/\/www.oscardimontigny.it\/es\/quien-soy\/","url":"https:\/\/www.oscardimontigny.it\/es\/quien-soy\/","name":"Qui\u00e9n es \u00d3scar Di Montigny: Biograf\u00eda de Oscar Di Montigny","isPartOf":{"@id":"https:\/\/www.oscardimontigny.it\/es\/#website"},"primaryImageOfPage":{"@id":"https:\/\/www.oscardimontigny.it\/es\/quien-soy\/#primaryimage"},"image":{"@id":"https:\/\/www.oscardimontigny.it\/es\/quien-soy\/#primaryimage"},"thumbnailUrl":"https:\/\/www.oscardimontigny.it\/wp-content\/uploads\/2021\/09\/bio-thumbnail.jpg","datePublished":"2021-08-24T08:38:27+00:00","dateModified":"2022-11-24T11:07:13+00:00","description":"\u00bfQui\u00e9n es \u00d3scar Di Montigny? Nacido en Mil\u00e1n en 1969, experto en Megatendencias, Marketing Innovador, Comunicaci\u00f3n Relacional y Educaci\u00f3n Corporativa. Descubre la biograf\u00eda de Oscar Di Montigny","inLanguage":"es-ES","potentialAction":[{"@type":"ReadAction","target":["https:\/\/www.oscardimontigny.it\/es\/quien-soy\/"]}]},{"@type":"ImageObject","inLanguage":"es-ES","@id":"https:\/\/www.oscardimontigny.it\/es\/quien-soy\/#primaryimage","url":"https:\/\/www.oscardimontigny.it\/wp-content\/uploads\/2021\/09\/bio-thumbnail.jpg","contentUrl":"https:\/\/www.oscardimontigny.it\/wp-content\/uploads\/2021\/09\/bio-thumbnail.jpg","width":1920,"height":1278},{"@type":"WebSite","@id":"https:\/\/www.oscardimontigny.it\/es\/#website","url":"https:\/\/www.oscardimontigny.it\/es\/","name":"Oscar Di Montigny","description":"","potentialAction":[{"@type":"SearchAction","target":{"@type":"EntryPoint","urlTemplate":"https:\/\/www.oscardimontigny.it\/es\/?s={search_term_string}"},"query-input":{"@type":"PropertyValueSpecification","valueRequired":true,"valueName":"search_term_string"}}],"inLanguage":"es-ES"}]}},"_links":{"self":[{"href":"https:\/\/www.oscardimontigny.it\/es\/wp-json\/wp\/v2\/pages\/39732","targetHints":{"allow":["GET"]}}],"collection":[{"href":"https:\/\/www.oscardimontigny.it\/es\/wp-json\/wp\/v2\/pages"}],"about":[{"href":"https:\/\/www.oscardimontigny.it\/es\/wp-json\/wp\/v2\/types\/page"}],"author":[{"embeddable":true,"href":"https:\/\/www.oscardimontigny.it\/es\/wp-json\/wp\/v2\/users\/2"}],"replies":[{"embeddable":true,"href":"https:\/\/www.oscardimontigny.it\/es\/wp-json\/wp\/v2\/comments?post=39732"}],"version-history":[{"count":3,"href":"https:\/\/www.oscardimontigny.it\/es\/wp-json\/wp\/v2\/pages\/39732\/revisions"}],"predecessor-version":[{"id":53414,"href":"https:\/\/www.oscardimontigny.it\/es\/wp-json\/wp\/v2\/pages\/39732\/revisions\/53414"}],"wp:featuredmedia":[{"embeddable":true,"href":"https:\/\/www.oscardimontigny.it\/es\/wp-json\/wp\/v2\/media\/39734"}],"wp:attachment":[{"href":"https:\/\/www.oscardimontigny.it\/es\/wp-json\/wp\/v2\/media?parent=39732"}],"curies":[{"name":"wp","href":"https:\/\/api.w.org\/{rel}","templated":true}]}}